{"id":936,"date":"2020-07-23T16:19:10","date_gmt":"2020-07-23T15:19:10","guid":{"rendered":"https:\/\/fundacja.kerstens.org\/index.php\/?page_id=936"},"modified":"2020-07-27T02:44:09","modified_gmt":"2020-07-27T01:44:09","slug":"wydawnictwo-now-a-2","status":"publish","type":"page","link":"https:\/\/fundacja.kerstens.org\/index.php\/wydawnictwo-now-a-2\/","title":{"rendered":"Wydawnictwo NOW-a 2"},"content":{"rendered":"<h2>1978-1982<\/h2>\n<p>W 1978 Adam Kersten za\u0142o\u017cy\u0142 wydawnictwo NOW-a 2. By\u0142o one niezale\u017cne od NOW-ej, ale blisko zar\u00f3wno z tym, jak i innymi wydawnictwami wsp\u00f3\u0142pracowa\u0142o (m.in. z Kr\u0119giem i Spotkaniami).<br \/>\nPodstawowym zadaniem NOW-ej 2 by\u0142 druk i kolporta\u017c wyk\u0142ad\u00f3w, zeszyt\u00f3w naukowych i innych materia\u0142\u00f3w Towarzystwa Kurs\u00f3w Naukowych.<img loading=\"lazy\" decoding=\"async\" class=\"size-full wp-image-942 alignright\" src=\"https:\/\/fundacja.kerstens.org\/wp-content\/uploads\/2020\/07\/164OpozycjaWegierska.jpg\" alt=\"\" width=\"164\" height=\"230\" \/><\/p>\n<p>Wyk\u0142ady TKN:<\/p>\n<ul>\n<li>S. Bara\u0144czak, Knebel i s\u0142owo\u201d, Warszawa 1980<\/li>\n<li>J. Jedlicki, \u201eForma i tre\u015b\u0107 \u00abumowy spo\u0142ecznej\u00bb\u201d, Warszawa 1980<\/li>\n<li>Z. \u0141api\u0144ski, \u201eMi\u0119dzy polityk\u0105 a metafizyk\u0105 (o poezji Czes\u0142awa Mi\u0142osza)\u201d, Warszawa 1980<\/li>\n<li>\u201eO czym my\u015ble\u0107 nie lubimy czyli o niekt\u00f3rych dylematach zasady narodowej\u201d, Zeszyty Naukowe, Seria Kolokwia, pod red. S. Amsterdamskiego i T. Kowalika, Warszawa 1981<\/li>\n<li>S. Amsterdamski, \u201e\u017bycie naukowe a monopol w\u0142adzy (casus \u0141ysenko)\u201d, Warszawa 1981<\/li>\n<li>A. Kelles, \u201eW\u0119gry 1956\u201d, \u00a0Warszawa 1981<\/li>\n<li>M. Kr\u00f3l, \u201eJ\u00f3zef Pi\u0142sudski. Ewolucja my\u015bli politycznej\u201d, Warszawa 1981<\/li>\n<li>M. Kr\u00f3l, J. Kurczewski, \u201ePo sierpniu 1980 r.\u201d, Warszawa 1981<\/li>\n<li>A. Radziwi\u0142\u0142, \u201eIdeologia wychowawcza w Polsce w latach 1948\u20131956 (pr\u00f3ba modelu)\u201d, Warszawa 1981<\/li>\n<li>\u201eLiberalizm dzisiaj. Eseje warszawskie\u201d, Zeszyty Naukowe, Seria IDEE pod red. J. Jedlickiego, Warszawa 1981<\/li>\n<li>\u201ePlotka a monopol informacji\u201d, Zeszyty Naukowe, Seria Kolokwia, pod red. S. Amsterdamskiego, T. Kowalika i K. Wolickiego, Warszawa 1981<\/li>\n<\/ul>\n<h3><img loading=\"lazy\" decoding=\"async\" class=\"size-full wp-image-941 alignright\" src=\"https:\/\/fundacja.kerstens.org\/wp-content\/uploads\/2020\/07\/164Lysenko.jpg\" alt=\"\" width=\"164\" height=\"216\" \/><\/h3>\n<p>NOW-a 2 drukowa\u0142a r\u00f3wnie\u017c ksi\u0105\u017cki, biuletyny itd., kt\u00f3re zar\u00f3wno to wydawnictwo, jak i inne kolportowa\u0142y \u2014 czasem pod w\u0142asn\u0105 nazw\u0105. Tak na przyk\u0142ad by\u0142o z ksi\u0105\u017ckami:<\/p>\n<ul type=\"disc\">\n<li>W. Gombrowicz \u201eTrans-Atlantyk\u201d, Warszawa 1981 (nak\u0142ad 9 000)<\/li>\n<li>P. Szegedi, \u201eOpozycja w\u0119gierska 1980\u201d, Warszawa 1981<\/li>\n<li>W. Woroszylski, \u201eDziennik w\u0119gierski\u201d, Warszawa 1981<\/li>\n<\/ul>\n<p>W 1980 r. NOW-a 2 wyda\u0142a komplet Strajkowych Biuletyn\u00f3w Informacyjnych \u201eSolidarno\u015b\u0107\u201d pt. \u201eRozwaga i Solidarno\u015b\u0107. Strajk Stoczni Gda\u0144skiej, Sierpie\u0144 1980\u201d (na ok\u0142adce nie ma znaku firmowego NOW-a 2).<\/p>\n<h3><img loading=\"lazy\" decoding=\"async\" class=\"size-full wp-image-943 alignright\" src=\"https:\/\/fundacja.kerstens.org\/wp-content\/uploads\/2020\/07\/164Rozwaga.jpg\" alt=\"\" width=\"164\" height=\"233\" \/><\/h3>\n<p>Pod koniec 1981 r. NOW-a 2 przygotowa\u0142a offsetowe wydanie \u201eKuriera z Warszawy\u201d J. Nowaka-Jeziora\u0144skiego. Nie dotar\u0142o ono do czytelnik\u00f3w, albowiem zanim doko\u0144czono druk (gotowe by\u0142o oko\u0142o 70%), wybuch\u0142 stan wojenny i maszyna offsetowa zosta\u0142a zarekwirowana. Kilka tysi\u0119cy niekompletnych egzemplarzy trafi\u0142o na \u015bmietnik.<\/p>\n<blockquote><p>Adam \u017cartowa\u0142, \u017ce s\u0105 trzy stadia rozwoju komunizmu: pierwszy, w ka\u017cdej wsi sp\u00f3\u0142dzielnia produkcyjna, drugi, w ka\u017cdym mie\u015bcie uniwersytet, a trzeci, w ka\u017cdym domu drukarnia.<\/p><\/blockquote>\n<p>Wi\u0119cej o NOW-ej 2:<\/p>\n<ul>\n<li>Zeszyty TKN wydane przez NOW-\u0105 2<\/li>\n<li><a href=\"#pracownicy\">Pracownicy<\/a><\/li>\n<li><a href=\"#wspolpracownicy\">Wsp\u00f3\u0142pracownicy<\/a><\/li>\n<li><a href=\"#wspomnienia\">Wspomnienia<\/a><\/li>\n<li><a href=\"https:\/\/fundacja.kerstens.org\/index.php\/lord-komfort\/\">Lord Komfort<\/a>; <a href=\"https:\/\/fundacja.kerstens.org\/index.php\/patent-profesora-kerstena\/\">Patent Profesora Kerstena<\/a><\/li>\n<\/ul>\n<blockquote class=\"maincontent_blockquote\" style=\"background:white;\"><p><small>Staramy si\u0119 o uzupe\u0142nienie listy prac wydanych przez NOW-\u0105 2. <em>Wdzi\u0119czni b\u0119dziemy za informacje o pozycjach wydawniczych, jak r\u00f3wnie\u017c o funkcjonowaniu NOW-ej 2, jej pracownikach i wsp\u00f3\u0142pracownikach.<\/em><\/p><\/blockquote>\n<p><img loading=\"lazy\" decoding=\"async\" src=\"https:\/\/fundacja.kerstens.org\/wp-content\/uploads\/2020\/07\/164-Transatlantyk.jpg\" alt=\"\" width=\"164\" height=\"237\" class=\"alignright size-full wp-image-959\" \/><img loading=\"lazy\" decoding=\"async\" src=\"https:\/\/fundacja.kerstens.org\/wp-content\/uploads\/2020\/07\/164Radziwill.jpg\" alt=\"\" width=\"164\" height=\"230\" class=\"alignright size-full wp-image-960\" \/><img loading=\"lazy\" decoding=\"async\" src=\"https:\/\/fundacja.kerstens.org\/wp-content\/uploads\/2020\/07\/164Woroszylski.jpg\" alt=\"\" width=\"164\" height=\"235\" class=\"alignright size-full wp-image-961\" \/><\/p>\n<hr>\n<h2 id=\"pracownicy\"> Pracownicy NOW-ej 2<\/h2>\n<ul>\n<li><a href=\"#Doktorski\">p. Doktorski<\/a><\/li>\n<li>Janusz Feliks<\/li>\n<li>Ma\u0142gorzata Kersten<\/li>\n<li>Grzegorz Kersten<\/li>\n<li>Jacek Krauss<\/li>\n<li>Bronis\u0142aw Lewandowski<\/li>\n<li><a href=\"#ALifsches\">Andrzej Lifsches<\/a><\/li>\n<li><a href=\"#MLifsches\">Ma\u0142gorzata Lifsches<\/a><\/li>\n<li>Agnieszka Mataczy\u0144ska<\/li>\n<li>Andrzej Paw\u0142owski<\/li>\n<li>Andrzej \u015awi\u0119cki <\/li>\n<li><a href=\"#Stanczyk\">Piotr Sta\u0144czyk<\/a><\/li>\n<\/ul>\n<p>Trudno\u015b\u0107  z uzyskaniem informacji o NOW-ej  2 polega na tym, \u017ce Adam stara\u0142 si\u0119, i by\u0142 w tym bardzo skuteczny, aby istnia\u0142y oddzielne grupy,  kt\u00f3re nie by\u0142y ze  sob\u0105 w kontakcie. Wydaje mi si\u0119, \u017ce w wydawnictwie pracowa\u0142o oko\u0142o 30 os\u00f3b i wsp\u00f3\u0142pracowa\u0142o z ni\u0105 oko\u0142o 15 os\u00f3b, ale sprawdzi\u0107 tego si\u0119 chyba nie da. Tak jak w innych  wydawnictwach (np. NOW-ej i Kr\u0119gu) wi\u0119kszo\u015b\u0107, o ile nie wszyscy, pracownik\u00f3w by\u0142a op\u0142acana.  <a href=\"#wspolpracownicy\">Wsp\u00f3\u0142pracownicy<\/a>  to w du\u017cej  mierze cz\u0142onkowie  TKN-u, zajmowali si\u0119 oni   np. przechowywaniem i przewo\u017ceniem  papieru.<br \/>\n  &nbsp;&nbsp;&nbsp; O ile wiem, to w najbardziej  produktywnym okresie NOW-a bra\u0142a oko\u0142o pi\u0119ciu tysi\u0119cy egzemplarzy wyda\u0144 drukowanych przez NOW-\u0105 2 (podaj\u0105c je jako swoje wydawnictwa), Kr\u0105g bra\u0142 oko\u0142o trzech tysi\u0119cy, a reszta (oko\u0142o tysi\u0105ca egzemplarzy) by\u0142a kolportowana przez pracownik\u00f3w NOW-ej 2. Czy tak  rzeczywi\u015bcie by\u0142o? (gek)<\/p>\n<p id=\"Doktorski\"><strong>p. Doktorski<\/strong>, drukarz, kt\u00f3ry pracowa\u0142 w Ministerstwie Rolnictwa, drukowa\u0142 \u201eRozwag\u0119 i Solidarno\u015b\u0107. Strajk Stoczni Gda\u0144skiej Sierpie\u0144 1980\u201d oraz \u201eTrans-atlantyk\u201d.<\/p>\n<p id=\"ALifsches\"><strong>Andrzej Lifsches<\/strong> by\u0142  jednym z najbli\u017cszych wsp\u00f3\u0142pracownik\u00f3w Adama; on by\u0142, powiedzmy, dyrektorem  technicznym. Razem z \u017con\u0105 <strong id=\"MLifsches\">Ma\u0142gorzat\u0105<\/strong> przygotowywali sprz\u0119t do sitodruku, zdobywali past\u0119 i drukowali. Andrzej by\u0142 jednym z g\u0142\u00f3wnych skarbnik\u00f3w NOW-ej 2; za\u0142o\u017cy\u0142 sejf w swoim domu.<br \/>\n&nbsp;&nbsp;&nbsp;&nbsp;  Oboje dbali o Adama, kt\u00f3ry cz\u0119sto wpada\u0142 do nich, gdy wraca\u0142 z Lublina do  domu. Wpada\u0142, m\u00f3wi\u0142, czego si\u0119 dowiedzia\u0142,  co trzeba zrobi\u0107 na dzi\u015b,  a co na jutro. M\u00f3wi\u0105c to, chodzi\u0142 z pokoju do pokoju b\u0105d\u017a  wok\u00f3\u0142 sto\u0142u, a oni  widzieli, jak bardzo jest zm\u0119czony. Ale usi\u0105\u015b\u0107 nie chcia\u0142, herbaty nie chcia\u0142  si\u0119 napi\u0107, no bo \u2014  jak m\u00f3wi\u0142 \u2014 musi  jecha\u0107 dalej. I pewnego razu Ma\u0142gosia i Andrzej o\u015bwiadczyli, \u017ce  strajkuj\u0105. Zrobili plakat z list\u0105 10 punkt\u00f3w. Punkt 3. g\u0142osi\u0142, i\u017c b\u0119d\u0105  strajkowa\u0107 tak  d\u0142ugo, a\u017c Adam usi\u0105dzie i spokojnie wypije herbat\u0119. Gro\u017aba strajku zadzia\u0142a\u0142a.<\/p>\n<p><strong>Piotr Sta\u0144czyk<\/strong> by\u0142  jednym z g\u0142\u00f3wnych drukarzy. Mieszka\u0142 z \u017con\u0105 i male\u0144kim dzieckiem najpierw na Mokotowie, potem  przenie\u015bli si\u0119 na Ursyn\u00f3w. Bardzo sympatyczny, cichy i spokojny; tak spokojny,  \u017ce wydawa\u0142 si\u0119 dzia\u0142a\u0107  koj\u0105co nawet na Adama.<\/p>\n<p id=\"Swiecki\"><strong>Andrzej \u015awi\u0119cki<\/strong> by\u0142  ajentem sklepu z artyku\u0142ami  gospodarstwa domowego; on by\u0142 g\u0142\u00f3wnym dostawc\u0105 pasty  Komfort; cz\u0119sto 100% dostaw pasty by\u0142o przekazywane do NOW-ej 2; kontaktem A. \u015awi\u0119ckiego by\u0142 A. Lifsches.<\/p>\n<blockquote class=\"maincontent_blockquote\" style=\"background:white;\"><p><small>Staramy si\u0119 o uzupe\u0142nienie listy pracownik\u00f3w oraz opublikowanie ich wspomnie\u0144. <em>Wdzi\u0119czni  b\u0119dziemy za jakiekolwiek  informacje o NOW-ej 2 i jej pracownikach<\/em>.<\/small><\/p><\/blockquote>\n<hr>\n<h2 id=\"wspolpracownicy\"> Wsp\u00f3\u0142pracownicy NOW-ej 2<\/h2>\n<ul>\n<li><a href=\"#Amsterdamski\">Stefan Amsterdamski<\/a><\/li>\n<li><a href=\"#Amsterdamski\"><\/a><a href=\"#Drawicz\">Andrzej Drawicz<\/a><\/li>\n<li><a href=\"#Jedlicki\">Jerzy Jedlicki<\/a><\/li>\n<li>Adam Karwowski<\/li>\n<li>Krystyna Kersten<\/li>\n<li><a href=\"#Kotarbi\">Jan Kotarbi\u0144ski<\/a><\/li>\n<li>Jacek Krauss<\/li>\n<li>Anna M\u0142ynik (?)<\/li>\n<li>Marek Safjan<\/li>\n<li><a href=\"#Wyszkowski\">Krzysztof Wyszkowski<\/a><\/li>\n<\/ul>\n<p>Wsp\u00f3\u0142pracownicy  to w du\u017cej  mierze cz\u0142onkowie  TKN-u, zajmowali si\u0119 oni  pomoc\u0105 typu przechowywanie i przew\u00f3z  papieru.<\/p>\n<p id=\"Amsterdamski\"><strong>Stefan Amsterdamski<\/strong>, cz\u0142onek TKN-u, autor wyk\u0142adu pt. \u201e\u017bycie naukowe a monopol w\u0142adzy (casus \u0141ysenko)\u201d wydanego przez NOW-\u0105 2. Razem z Tadeuszem Kowalikiem opracowa\u0142 zeszyt \u201eO czym my\u015ble\u0107 nie lubimy czyli o niekt\u00f3rych dylematach  zasady narodowej\u201d. Przechowywa\u0142 i rozwozi\u0142 papier.<\/p>\n<p id=\"Drawicz\"><strong>Andrzej Drawicz<\/strong>, cz\u0142onek TKN-u, autor wyk\u0142adu pt.  \u201eInna Rosja\u201d wydanego przez NOW-\u0105 2. Przechowywa\u0142<br \/>\n  i rozwozi\u0142 papier; napisa\u0142 o Adamie i NOW-ej 2 we wspomnieniu \u201e<a href=\"https:\/\/fundacja.kerstens.org\/miejsce-postoju-jedenascie-lat-bez-adama\/\">Miejsce postoju. Jedena\u015bcie  lat bez Adama<\/a>\u201d.\n<\/p>\n<p id=\"Jedlicki\"><strong>Jerzy Jedlicki<\/strong>, cz\u0142onek TKN-u, autor wyk\u0142adu pt. \u201eForma i tre\u015b\u0107 \u00abumowy spo\u0142ecznej\u00bb\u201d wydanego przez NOW-\u0105 2. Przechowywa\u0142<br \/>\n  papier.<\/p>\n<p id=\"Kotarbi\"><strong>Jan Kotarbi\u0144ski<\/strong>, autor projektu ok\u0142adki &#8220;Trans-atlantyk&#8221;, nazywanej &#8220;kaczk\u0105&#8221; przez pracownik\u00f3w NOW-ej 2. <\/p>\n<p id=\"Wyszkowski\"><strong>Krzysztof Wyszkowski<\/strong> zajmowa\u0142 si\u0119  dostaw\u0105 materia\u0142\u00f3w, sk\u0142adaniem zeszyt\u00f3w i ksi\u0105\u017ceczek oraz kolporta\u017cem.\n<\/p>\n<blockquote class=\"maincontent_blockquote\" style=\"background:white;\"><p><small>Staramy si\u0119 o uzupe\u0142nienie listy wsp\u00f3\u0142pracownik\u00f3w oraz opublikowanie ich wspomnie\u0144. <em>Wdzi\u0119czni  b\u0119dziemy za jakiekolwiek  informacje o NOW-ej 2 i jej wsp\u00f3\u0142pracownikach<\/em>.<\/p><\/blockquote>\n<hr>\n<h2 id=\"wspomnienia\">Wspomnienia wsp\u00f3\u0142pracownik\u00f3w<\/h2>\n<p>P\u00f3\u017aniej wydawa\u0142o si\u0119 te dyskusje i oczywi\u015bcie utajona by\u0142a baza wydawnicza, kt\u00f3ra si\u0119 organizowa\u0142a stopniowo i w\u0142a\u015bciwie rozwin\u0119\u0142a wtedy dopiero, kiedy TKN przesta\u0142 ju\u017c sam prowadzi\u0107 dzia\u0142alno\u015b\u0107 dydaktyczn\u0105; a rozwin\u0119\u0142a si\u0119 w\u0142a\u015bciwie dzi\u0119ki jednemu tylko cz\u0142owiekowi, kt\u00f3ry, jak si\u0119 okaza\u0142o, by\u0142 nie tylko znakomitym historykiem, ale r\u00f3wnie\u017c znakomitym drukarzem i organizatorem drukar\u0144, mianowicie dzi\u0119ki Adamowi Kerstenowi. O tym, co by\u0142o utajnione, nale\u017ca\u0142oby doda\u0107 jeszcze to, \u017ce przez ca\u0142y czas nie mieli\u015bmy ani jednej wpadki. My\u015bmy dostawali zdrowo po g\u0142owie, ale za jawno\u015b\u0107, nie za konspiracj\u0119. Nie by\u0142o \u017cadnego przypadku, \u017ceby w\u0142adze si\u0119 dowiedzia\u0142y o tym, o czym nie powinny by\u0142y si\u0119 dowiedzie\u0107, a najlepszym dowodem jest w\u0142a\u015bnie to, \u017ce Adam Kersten, kt\u00f3ry umy\u015blnie nie by\u0142 w jawnej Komisji Programowej, nie mia\u0142 nigdy \u017cadnego wezwania na milicj\u0119. Oni po prostu nie wiedzieli o jego dzia\u0142alno\u015bci.<\/p>\n<blockquote class=\"maincontent_blockquote\"><p><small>J. Jedlicki, Dyskusja panelowa \u201e<a href=\"http:\/\/www.kor30.sws.org.pl\/Panel_3.htm\">KOR w\u015br\u00f3d student\u00f3w i w \u015brodowisku akademickim<\/a>\u201d prowadzona przez dr. hab. A. Friszke <\/small><\/p><\/blockquote>\n<p>Przestrzega\u0142 najpedantyczniej regu\u0142 konspiracji, co prowokowa\u0142o nasze  prze\u015bmieszki, ale mia\u0142 oczywi\u015bcie racj\u0119: wpadek by\u0142o w drugim obiegu sporo, a  jego firm\u0119 (czy firmy: tworzy\u0142 je i mno\u017cy\u0142) dla zatarcia \u015blad\u00f3w, zmieniaj\u0105c  nazwy; nikt w tym si\u0119 ju\u017c pewnie nie wyzna) jednak omija\u0142y. Na wezwanie trzeba  si\u0119 by\u0142o szybko zebra\u0107, jecha\u0107 we wskazane miejsce, \u0142adowa\u0107 do samochodu  papier, wydruki czy matryce, dok\u0105d\u015b je zawie\u017a\u0107, adres od razu zapomnie\u0107. Czasem  co\u015b si\u0119 rwa\u0142o, albo jakie\u015b \u0142\u0105cza nawala\u0142y, albo broszurka by\u0142a prawie  nieczytelna. Adam wpada\u0142 w pasj\u0119, zw\u0142aszcza gdy inni TKN-owcy przyjacielsko  docinali. Ale interes jednak szed\u0142, sie\u0107 podpunkt\u00f3w dzia\u0142ania (niewykluczone,  \u017ce na jakich\u015b melinach le\u017cy co\u015b po dzi\u015b dzie\u0144&#8230;). On to wszystko ogarnia\u0142.<\/p>\n<blockquote class=\"maincontent_blockquote\"><p><small>A. Drawicz, <a href=\"https:\/\/fundacja.kerstens.org\/miejsce-postoju-jedenascie-lat-bez-adama\/\">Miejsce postoju. Jedena\u015bcie lat bez Adama<\/a><\/small><\/p><\/blockquote>\n<p> Trudno\u015b\u0107  z uzyskaniem informacji o NOW-ej  2 polega na tym, \u017ce Adam stara\u0142 si\u0119, i by\u0142 w tym bardzo skuteczny, aby istnia\u0142y oddzielne grupy,  kt\u00f3re nie by\u0142y ze  sob\u0105 w kontakcie. Wydaje mi si\u0119, \u017ce w wydawnictwie by\u0142o oko\u0142o 30\u201340 os\u00f3b, ale sprawdzi\u0107 tego si\u0119 chyba nie da. O ile wiem, to w najbardziej  produktywnym okresie NOWa bra\u0142a po kilka tysi\u0119cy egzemplarzy wyda\u0144 drukowanych przez NOW-\u0105 2 i  podawa\u0142a jako swoje wydawnictwa; podobnie by\u0142o chyba z Kr\u0119giem. Czy tak  rzeczywi\u015bcie by\u0142o? (gek)<\/p>\n<blockquote class=\"maincontent_blockquote\" style=\"background:white;\"><p><small>Staramy si\u0119 o uzupe\u0142nienie listy ludzi zaanga\u017cowanych w dzia\u0142anie wydawnictwa. <em>Wdzi\u0119czni  b\u0119dziemy za jakiekolwiek  informacje na ten temat oraz wspomnienia<\/em>.<\/small><\/p><\/blockquote>\n<hr>\n","protected":false},"excerpt":{"rendered":"<p>1978-1982 W 1978 Adam Kersten za\u0142o\u017cy\u0142 wydawnictwo NOW-a 2. By\u0142o one niezale\u017cne od NOW-ej, ale blisko zar\u00f3wno z tym, jak&hellip;<\/p>\n","protected":false},"author":2,"featured_media":0,"parent":0,"menu_order":0,"comment_status":"closed","ping_status":"closed","template":"","meta":{"footnotes":""},"class_list":["post-936","page","type-page","status-publish","hentry"],"_links":{"self":[{"href":"https:\/\/fundacja.kerstens.org\/index.php\/wp-json\/wp\/v2\/pages\/936","targetHints":{"allow":["GET"]}}],"collection":[{"href":"https:\/\/fundacja.kerstens.org\/index.php\/wp-json\/wp\/v2\/pages"}],"about":[{"href":"https:\/\/fundacja.kerstens.org\/index.php\/wp-json\/wp\/v2\/types\/page"}],"author":[{"embeddable":true,"href":"https:\/\/fundacja.kerstens.org\/index.php\/wp-json\/wp\/v2\/users\/2"}],"replies":[{"embeddable":true,"href":"https:\/\/fundacja.kerstens.org\/index.php\/wp-json\/wp\/v2\/comments?post=936"}],"version-history":[{"count":32,"href":"https:\/\/fundacja.kerstens.org\/index.php\/wp-json\/wp\/v2\/pages\/936\/revisions"}],"predecessor-version":[{"id":1218,"href":"https:\/\/fundacja.kerstens.org\/index.php\/wp-json\/wp\/v2\/pages\/936\/revisions\/1218"}],"wp:attachment":[{"href":"https:\/\/fundacja.kerstens.org\/index.php\/wp-json\/wp\/v2\/media?parent=936"}],"curies":[{"name":"wp","href":"https:\/\/api.w.org\/{rel}","templated":true}]}}