{"id":974,"date":"2020-07-23T18:19:20","date_gmt":"2020-07-23T17:19:20","guid":{"rendered":"https:\/\/fundacja.kerstens.org\/index.php\/?page_id=974"},"modified":"2020-07-23T18:19:20","modified_gmt":"2020-07-23T17:19:20","slug":"kartka-z-kalendarza-prof-adam-kersten-1930-1983","status":"publish","type":"page","link":"https:\/\/fundacja.kerstens.org\/index.php\/kartka-z-kalendarza-prof-adam-kersten-1930-1983\/","title":{"rendered":"Kartka z kalendarza: Prof. Adam Kersten (1930\u20141983)"},"content":{"rendered":"<p>Dok\u0142adnie <strong>65 lat temu<\/strong> w Kutnie urodzi\u0142 si\u0119  uczony, historyk, wybitny znawca XVII wieku, gorliwy spo\u0142ecznik, \u015bwietny m\u00f3wca \u2014  profesor Uniwersytetu Marii Curie-Sk\u0142odowskiej Adam Kersten. Gorzkie lata  dzieci\u0144stwa sp\u0119dzi\u0142 w okupowanej Warszawie. Tu\u017c po zako\u0144czeniu wojny jako ucze\u0144  \u0142\u00f3dzkiego gimnazjum wst\u0105pi\u0142 do Zwi\u0105zku Walki M\u0142odych, p\u00f3\u017aniej do Zwi\u0105zku  M\u0142odzie\u017cy Polskiej, a po doj\u015bciu do pe\u0142noletno\u015bci \u2014 do Polskiej Partii  Robotniczej. W roku 1952 uko\u0144czy\u0142 histori\u0119 na Uniwersytecie Warszawskim. Ju\u017c  w\u00f3wczas by\u0142 dzia\u0142aczem partyjnym na uczelni, bezkompromisowym, g\u0142\u0119boko  wierz\u0105cym w s\u0142uszno\u015b\u0107 g\u0142oszonej idei i konieczno\u015b\u0107 ostrej walki politycznej z \u201ewrogiem  ideologicznym\u201d.<\/p>\n<p><strong><img loading=\"lazy\" decoding=\"async\" src=\"https:\/\/fundacja.kerstens.org\/wp-content\/uploads\/2020\/07\/95Kartka1.jpg\" alt=\"\" width=\"240\" height=\"338\" class=\"alignright size-full wp-image-975\" srcset=\"https:\/\/fundacja.kerstens.org\/wp-content\/uploads\/2020\/07\/95Kartka1.jpg 240w, https:\/\/fundacja.kerstens.org\/wp-content\/uploads\/2020\/07\/95Kartka1-213x300.jpg 213w\" sizes=\"auto, (max-width: 240px) 100vw, 240px\" \/>Adam Kersten <\/strong>nale\u017ca\u0142 do grona m\u0142odych historyk\u00f3w, kt\u00f3rzy mieli  si\u0119 sta\u0107 czo\u0142\u00f3wk\u0105 nurtu marksistowskiego. Fascynowa\u0142a go problematyka spo\u0142eczna.  Drog\u0119 do b\u0142yskawicznej kariery zapowiada\u0142a praca doktorska pt. \u201eCh\u0142opi w walce  z najazdem szweckim 1655\u20141656\u201d. Sta\u0142o si\u0119 inaczej. W listopadzie 1955 roku  zosta\u0142 skierowany przez Ministerstwo Szkolnictwa Wy\u017cszego do pracy na UMCS-ie  i do ko\u0144ca \u017cycia pozosta\u0142 wierny tej uczelni. Tu habilitowa\u0142 si\u0119 i otrzyma\u0142  profesur\u0119. W\u0142a\u015bnie w Lublinie zrealizowa\u0142 swoj\u0105 pasj\u0119 nauczyciela  akademickiego i wychowawcy m\u0142odzie\u017cy, ucz\u0105cego uprawiania ukochanej dyscypliny  wiedzy, kszta\u0142c\u0105cego nie tylko umys\u0142y, ale i serca wychowank\u00f3w. Potrafi\u0142  zafascynowa\u0107 m\u0142odze\u017c przesz\u0142o\u015bci\u0105 i wpoi\u0107 jej umi\u0142owanie prawdy.<\/p>\n<p><strong>Prof. Kersten<\/strong> \u2014 \u201epo\u017ceracz\u201d archiw\u00f3w, \u201edetektyw\u201d swe  zainteresowania naukowe skupi\u0142 na wieku siedemnastym, a szczeg\u00f3lnie na czasach  potopu szwedzkiego. By\u0142 niew\u0105tpliwie w Polsce najlepszym znawc\u0105 \u017ar\u00f3de\u0142 do tego  okresu, a tak\u017ce ich edytorem. W roku 1963 ukaza\u0142o si\u0119 jego fundamentalne dzie\u0142o  \u2014 biografia Stefana Czarnieckiego. Nie doczeka\u0142 \u2014 niestety \u2014 ukazania si\u0119  ksi\u0105\u017cki, kt\u00f3r\u0105 sam ceni\u0142 najwy\u017cej, po\u015bwi\u0119conej karierowiczowi Hieronimowi  Radziejowskiemu.<\/p>\n<p><img loading=\"lazy\" decoding=\"async\" src=\"https:\/\/fundacja.kerstens.org\/wp-content\/uploads\/2020\/07\/95Kartka2.jpg\" alt=\"\" width=\"240\" height=\"339\" class=\"alignright size-full wp-image-976\" srcset=\"https:\/\/fundacja.kerstens.org\/wp-content\/uploads\/2020\/07\/95Kartka2.jpg 240w, https:\/\/fundacja.kerstens.org\/wp-content\/uploads\/2020\/07\/95Kartka2-212x300.jpg 212w\" sizes=\"auto, (max-width: 240px) 100vw, 240px\" \/>Jako  popularyzator historii zamierza\u0142 <strong>prof.  Kersten<\/strong> przyczyni\u0107 si\u0119 do powolnego zast\u0119powania tradycji przez rzeteln\u0105  wiedz\u0119 historyczn\u0105. Cel ten realizowa\u0142 r\u00f3wnie\u017c jako wsp\u00f3\u0142autor scenariusza i  konsultant filmu \u201ePotop\u201d. Uwa\u017ca\u0142 bowiem, \u017ce wsp\u00f3\u0142cze\u015bni Polacy nie powinni  uczy\u0107 si\u0119 historii tylko od Henryka Sienkiewicza.<\/p>\n<p>Powa\u017cnie  traktuj\u0105c prac\u0119 pedagoga, <strong>prof. Kersten<\/strong> dwukrotnie podj\u0105\u0142 si\u0119 wsp\u00f3\u0142autorstwa podr\u0119cznik\u00f3w szkolnych. Wa\u017cn\u0105 pozycj\u0119 w  jego dorobku stanowi \u201eHistoria Szwecji\u201d.<\/p>\n<p><strong>Prof. Adam Kersten <\/strong>bole\u015bnie prze\u017cy\u0142 rok 1968. Powoli zacz\u0105\u0142 odchodzi\u0107  od ruchu, z kt\u00f3rym by\u0142 tak silnie zwi\u0105zany od lat m\u0142odzie\u0144czych. W drugiej  po\u0142owie lat 70-tych w\u0142\u0105czy\u0142 si\u0119 do walki o to, \u201e\u017ceby Polska by\u0142a Polsk\u0105\u201d.  Powi\u0119kszy\u0142 szeregi \u201ebezdomnej lewicy\u201d. Nie uda\u0142 si\u0119 na emigracj\u0119  wewn\u0119trzn\u0105.&nbsp; Dzia\u0142a\u0142 w Towarzystwie  Kurs\u00f3w Naukowych, za co usuni\u0119to go z partii. Mimo z\u0142ego stanu zdrowotnego  zaanga\u017cowa\u0142 si\u0119 g\u0142\u0119boko w sierpniowy ruch odnowy kraju.<\/p>\n<p>Pe\u0142ni\u0105c do ko\u0144ca  sw\u0105 obywatelsk\u0105 s\u0142u\u017cb\u0119, <strong>prof. Kersten <\/strong>odszed\u0142  nagle, przedwcze\u015bnie w ponury styczniowy dzie\u0144 1983 roku.<\/p>\n<p class=\"right_text\"><em>Maria Wrzeszcz<\/em><\/p>\n<blockquote class=\"maincontent_blockquote\"><p><small>Kartka z kalendarza, 26.04.1995.<\/small><\/p><\/blockquote>\n","protected":false},"excerpt":{"rendered":"<p>Dok\u0142adnie 65 lat temu w Kutnie urodzi\u0142 si\u0119 uczony, historyk, wybitny znawca XVII wieku, gorliwy spo\u0142ecznik, \u015bwietny m\u00f3wca \u2014 profesor&hellip;<\/p>\n","protected":false},"author":2,"featured_media":0,"parent":0,"menu_order":0,"comment_status":"closed","ping_status":"closed","template":"","meta":{"footnotes":""},"class_list":["post-974","page","type-page","status-publish","hentry"],"_links":{"self":[{"href":"https:\/\/fundacja.kerstens.org\/index.php\/wp-json\/wp\/v2\/pages\/974","targetHints":{"allow":["GET"]}}],"collection":[{"href":"https:\/\/fundacja.kerstens.org\/index.php\/wp-json\/wp\/v2\/pages"}],"about":[{"href":"https:\/\/fundacja.kerstens.org\/index.php\/wp-json\/wp\/v2\/types\/page"}],"author":[{"embeddable":true,"href":"https:\/\/fundacja.kerstens.org\/index.php\/wp-json\/wp\/v2\/users\/2"}],"replies":[{"embeddable":true,"href":"https:\/\/fundacja.kerstens.org\/index.php\/wp-json\/wp\/v2\/comments?post=974"}],"version-history":[{"count":1,"href":"https:\/\/fundacja.kerstens.org\/index.php\/wp-json\/wp\/v2\/pages\/974\/revisions"}],"predecessor-version":[{"id":977,"href":"https:\/\/fundacja.kerstens.org\/index.php\/wp-json\/wp\/v2\/pages\/974\/revisions\/977"}],"wp:attachment":[{"href":"https:\/\/fundacja.kerstens.org\/index.php\/wp-json\/wp\/v2\/media?parent=974"}],"curies":[{"name":"wp","href":"https:\/\/api.w.org\/{rel}","templated":true}]}}