{"id":980,"date":"2020-07-23T20:31:55","date_gmt":"2020-07-23T19:31:55","guid":{"rendered":"https:\/\/fundacja.kerstens.org\/index.php\/?page_id=980"},"modified":"2020-07-23T20:36:13","modified_gmt":"2020-07-23T19:36:13","slug":"z-archiwum-akt-nowych","status":"publish","type":"page","link":"https:\/\/fundacja.kerstens.org\/index.php\/z-archiwum-akt-nowych\/","title":{"rendered":"Z Archiwum Akt Nowych"},"content":{"rendered":"<p><strong>Adam Kersten, Charakterystyka  sporz\u0105dzona w Instytucie Nauk Spo\u0142ecznych przy KC PZPR, 15.06.1955, tajne.<\/strong><\/p>\n<p>Tow.  Kersten przyszed\u0142 do Instytutu z bardzo powa\u017cnymi obci\u0105\u017ceniami: cechowa\u0142o go  niech\u0119tne przyjmowanie krytyki, brak samokrytycyzmu w po\u0142\u0105czeniu z powa\u017cn\u0105 doz\u0105  zarozumialstwa. W okresie pobytu w Instytucie tow. Kersten przezwyci\u0119\u017cy\u0142 w  du\u017cym stopniu braki w swojej postawie.<\/p>\n<p>Tow. Kersten jest oddanym towarzyszem partyjnym. Z  zada\u0144 partyjnych wywi\u0105zywa\u0142 si\u0119 dobrze, wykazuj\u0105c w pracy do\u015b\u0107 du\u017co inicjatywy.<\/p>\n<p>Tow. Kersten jest zdolnym, my\u015bl\u0105cym cz\u0142owiekiem. W  pracy swojej wykazuje umiej\u0119tno\u015b\u0107 samodzielnego ujmowania zagadnie\u0144 i zdolno\u015b\u0107  do pog\u0142\u0119biania swojej wiedzy historycznej (\u2026).<\/p>\n<p>Tow. Kersten nadaje si\u0119 na pracownika naukowego i  wskazanym jest, a\u017ceby \u0142\u0105czy\u0142 prac\u0119 naukow\u0105 z prac\u0105 pedagogiczn\u0105 na  uniwersytecie.<\/p>\n<blockquote class=\"maincontent_blockquote\"><p><small>\u0179r\u00f3d\u0142o: Archiwum Akt Nowych, ANS, 97\/100, Akta  osobowa Adama Kerstena, k. 18.<\/small><\/p><\/blockquote>\n<p><strong>Charakterystyka aspiranta II roku  Adama Kerstena, sporz\u0105dzona przez kierownika naukowego w Instytucie Kszta\u0142cenia  Kadr Naukowych przy KC PZPR Bronis\u0142awa Krauzego <\/strong>[prawdopodobnie 1954 r.]<\/p>\n<p>Tow. Kersten jest aspirantem trudnym, o du\u017cych,  ra\u017c\u0105cych brakach w dziedzinie ideologicznej, politycznej i naukowej, ale i o  powa\u017cnych zaletach. Jest on zdolby i posiada najlepsze spo\u015br\u00f3d aspirant\u00f3w  katedry przygotowanie historyczne. Poczyni\u0142 te\u017c w czasie pobytu w Instytucie  znaczne post\u0119py we wszystkich kierunkach (\u2026).<\/p>\n<p>Trzeba zaznaczy\u0107, \u017ce tow. Kersten poczyni\u0142 r\u00f3wnie\u017c  powa\u017cne kroki na drodze wyzbycia si\u0119 w\u0142a\u015bciwych mu wad \u2013 braku samokrytycyzmu,  zarozumialstwa, szkodliwego drobnomieszcza\u0144skiego indywidualizmu, p\u0142ycizny. Na  wadach tych i brakach trzeba si\u0119 jednak zatrzyma\u0107, poniewa\u017c ci\u0105\u017c\u0105 one nadal  powa\u017cnie na ca\u0142ej jego postawie. W dalszym ci\u0105gu cechuj\u0105 tow. Kerstena  niezwykle szkodliwe i niebezpieczne dla jego rozwoju i dla powierzonej mu pracy  nawroty nadmiernej pewno\u015bci siebie i zarozumialstwa, ustosunkowywanie si\u0119 do  wielu zjawisk cz\u0119stokro\u0107 z punktu widzenia w\u0142asnej osoby, sk\u0142onno\u015b\u0107 do  fanfaronady i \u201ezab\u0142y\u015bni\u0119cia\u201d tanim kosztem. Odbija si\u0119 to ujemnie na jego  postawie ideologicznej, na jego stosunku do swoich obowi\u0105zk\u00f3w. (\u2026) wymaga on sta\u0142ego,  systematycznego, wnikliwego kierownictwa partyjnego i naukowego, sta\u0142ej,  systematycznej, wnikliwej kontroli.<\/p>\n<blockquote class=\"maincontent_blockquote\"><p><small>\u0179r\u00f3d\u0142o: Archiwum Akt Nowych, ANS, 97\/100, Akta  osobowe Adama Kerstena, k. 30\u201331.<\/small><\/p><\/blockquote>\n<p><strong>Charakterystyka aspiranta II roku  Adama Kerstena, sporz\u0105dzona przez sekretarza Oddzia\u0142owej Organizacji Partyjnej w  Instytucie Kszta\u0142cenia Kadr Naukowych przy KC PZPR Mieczys\u0142awa Rakowskiego <\/strong>[prawdopodobnie 1954 r.]<\/p>\n<p> Tow. bior\u0105cy aktywny udzia\u0142 w pracy organizacji.  Wykazuje du\u017ce zainteresowanie sprawami, kt\u00f3re stoj\u0105 przed parti\u0105. Jako  konsultant w Centralnym O\u015brodku Szkolenia Partyjnego posiada pewne osi\u0105gni\u0119cia  i prac\u0119 t\u0119 traktuje powa\u017cnie. Wykazuje du\u017ce zainteresowanie wydarzeniami na  froncie historycznym.\n<\/p>\n<p>Jego postawa partyjna w \u017cyciu codziennym pozostawia  wiele do \u017cyczenia. To. Kersten jest bardzo zarozumia\u0142y. Cechuje go nadmierna  pewno\u015b\u0107 siebie. Niech\u0119tnie przyjmuje krytyk\u0119. S\u0142uszn\u0105 krytyk\u0119 przyjmuje czasem  jako ch\u0119\u0107 dokuczenia mu. (\u2026) Cechuje go sk\u0142onno\u015b\u0107 do intryganctwa. Nietaktowny.  Zra\u017ca do siebie towarzyszy. Ma\u0142o samokrytyczny.\n<\/p>\n<p>Te  braki id\u0105 w parze ze s\u0142uszn\u0105 postaw\u0119, jak\u0105 zajmuje tow. Kersten w wielu  wypadkach, wobec r\u00f3\u017cnych zjawisk w \u017cyciu naszej organizacji partyjnej i  katedry.\n<\/p>\n<p>Tow.  Kersten w bie\u017c\u0105cym roku nie dokona\u0142 kroku naprz\u00f3d w podniesieniu swego poziomu  ideowo-partyjnego. Jednak\u017ce nie nale\u017cy rezygnowa\u0107 z niego. (\u2026)<\/p>\n<blockquote class=\"maincontent_blockquote\"><p><small>\u0179r\u00f3d\u0142o: Archiwum Akt Nowych, ANS, 97\/100, Akta  osobowe Adama Kerstena, k. 32.<\/small><\/p><\/blockquote>\n<p>[zebranie Katedry Historii Powszechnej  9.07.1953 po\u015bwi\u0119cone ocenie pracy rocznej katedry; Mieczys\u0142aw Rakowski:  <\/p>\n<p>\u201eKersten uczyni\u0142 du\u017ce post\u0119py w pracy nad sob\u0105 dzi\u0119ki temu, \u017ce m\u00f3wi, co my\u015bli i  stwarza w ten spos\u00f3b mo\u017cliwo\u015bci przekonywania go\u201d.<\/p>\n<blockquote class=\"maincontent_blockquote\"><p><small>Zr\u00f3d\u0142o: Archiwum Akt Nowych, ANS, 5\/133, Katedra Historii Powszechnej IKKN przy KC PZPR, k. 79 <\/small><\/p><\/blockquote>\n","protected":false},"excerpt":{"rendered":"<p>Adam Kersten, Charakterystyka sporz\u0105dzona w Instytucie Nauk Spo\u0142ecznych przy KC PZPR, 15.06.1955, tajne. Tow. Kersten przyszed\u0142 do Instytutu z bardzo&hellip;<\/p>\n","protected":false},"author":2,"featured_media":0,"parent":0,"menu_order":0,"comment_status":"closed","ping_status":"closed","template":"","meta":{"footnotes":""},"class_list":["post-980","page","type-page","status-publish","hentry"],"_links":{"self":[{"href":"https:\/\/fundacja.kerstens.org\/index.php\/wp-json\/wp\/v2\/pages\/980","targetHints":{"allow":["GET"]}}],"collection":[{"href":"https:\/\/fundacja.kerstens.org\/index.php\/wp-json\/wp\/v2\/pages"}],"about":[{"href":"https:\/\/fundacja.kerstens.org\/index.php\/wp-json\/wp\/v2\/types\/page"}],"author":[{"embeddable":true,"href":"https:\/\/fundacja.kerstens.org\/index.php\/wp-json\/wp\/v2\/users\/2"}],"replies":[{"embeddable":true,"href":"https:\/\/fundacja.kerstens.org\/index.php\/wp-json\/wp\/v2\/comments?post=980"}],"version-history":[{"count":4,"href":"https:\/\/fundacja.kerstens.org\/index.php\/wp-json\/wp\/v2\/pages\/980\/revisions"}],"predecessor-version":[{"id":985,"href":"https:\/\/fundacja.kerstens.org\/index.php\/wp-json\/wp\/v2\/pages\/980\/revisions\/985"}],"wp:attachment":[{"href":"https:\/\/fundacja.kerstens.org\/index.php\/wp-json\/wp\/v2\/media?parent=980"}],"curies":[{"name":"wp","href":"https:\/\/api.w.org\/{rel}","templated":true}]}}